{"id":125,"date":"2020-11-13T11:39:25","date_gmt":"2020-11-13T11:39:25","guid":{"rendered":"http:\/\/terplanszki.hu\/?page_id=125"},"modified":"2020-11-13T11:53:47","modified_gmt":"2020-11-13T11:53:47","slug":"angol-nyelvi-kepzes-a-terplanban","status":"publish","type":"page","link":"https:\/\/terplanszki.hu\/?page_id=125","title":{"rendered":"Angol nyelvi k\u00e9pz\u00e9s a Terpl\u00e1nban"},"content":{"rendered":"\n<p><strong>Speci\u00e1lis\/Szakmai nyelvi k\u00e9pz\u00e9s<\/strong><\/p>\n\n\n\n<p><strong>Nyelvvizsga lehet\u0151s\u00e9gek<\/strong><\/p>\n\n\n\n<p><strong>Mobilit\u00e1si programok<\/strong><\/p>\n\n\n\n<p>A Terpl\u00e1n mindig is komoly hangs\u00falyt fektetett az idegen nyelvi k\u00e9pz\u00e9sre, biztos\u00edtva tanul\u00f3ink <strong>versenyk\u00e9pes szakmai h\u00e1tter\u00e9t<\/strong> a munkaer\u0151 piacon.<\/p>\n\n\n\n<p>Kis csoportos foglalkoz\u00e1sok keret\u00e9ben zajlik a nyelvi k\u00e9pz\u00e9s, amelyek els\u0151 sorban a <strong>sikeres \u00e9retts\u00e9gi vizsga<\/strong> let\u00e9tel\u00e9t biztos\u00edtj\u00e1k, valamint a di\u00e1kok <strong>szakmai nyelvi<\/strong> fejl\u0151d\u00e9s\u00e9hez j\u00e1rulnak hozz\u00e1.<\/p>\n\n\n\n<p><strong>Szakmai \u00c1gazatok Nyelvi K\u00e9pz\u00e9se a Terpl\u00e1nban<\/strong><\/p>\n\n\n\n<p><strong>C\u00e9l:<\/strong><\/p>\n\n\n\n<ul><li>k\u00f6z\u00e9pfok\u00fa nyelvvizsga megszerz\u00e9se<\/li><li>el\u0151k\u00e9sz\u00edt\u00e9s m\u0171szaki \u00e9s gazdas\u00e1gi szakmai nyelvvizsg\u00e1ra<\/li><li>k\u00f6z\u00e9p- ill emelt szint\u0171 \u00e9retts\u00e9gi vizsga<\/li><li>korszer\u0171 angol nyelvi ismeret az adott szakter\u00fcleten<\/li><li>Business English, prezent\u00e1ci\u00f3k, \u00fczleti kommunik\u00e1ci\u00f3, m\u0171szaki tartalom<\/li><\/ul>\n\n\n\n<p><strong>A Terpl\u00e1n mint akkredit\u00e1lt nyelvvizsga hely<\/strong><\/p>\n\n\n\n<ul><li>Alap-, k\u00f6z\u00e9p- \u00e9s fels\u0151fok\u00fa nyelvvizsg\u00e1k lebonyol\u00edt\u00e1sa a Terpl\u00e1nban \u2013 angol \u00e9s n\u00e9met nyelven<\/li><li>Az iskola oktat\u00f3i vizsg\u00e1ztat\u00f3i \u00e9s jav\u00edt\u00f3tan\u00e1ri min\u0151s\u00e9gben is k\u00f6zrem\u0171k\u00f6dnek<\/li><li>A Budapest M\u0171szaki Egyetem nyelvvizsgarendszer\u00e9nek partnere 2003 \u00f3ta<\/li><\/ul>\n\n\n\n<p><strong>Mobilit\u00e1si programok \/ Szakmai-tanulm\u00e1nyi utak a Terpl\u00e1nnal<\/strong><\/p>\n\n\n\n<ul><li>Comenius program:<ul><li>Kalamata, G\u00f6r\u00f6gorsz\u00e1g (1 h\u00e9t)<\/li><li>Sevilla, Spanyolorsz\u00e1g (1 h\u00e9t)<\/li><li>Stavanger, Norv\u00e9gia (1 h\u00e9t)<\/li><\/ul><\/li><li>Leonardo da Vinci program:<ul><li>Glasgow, Sk\u00f3cia (8 h\u00e9t)<\/li><li>Grimsby, Anglia (8 h\u00e9t)<\/li><li>Motala, Sv\u00e9dorsz\u00e1g (14 h\u00e9t)<\/li><\/ul><\/li><li>Erasmus+ program:<ul><li>Barcelona, Spanyolorsz\u00e1g (tervezett)<\/li><li>B\u00e9cs, Ausztria (tervezett)<\/li><li>Mil\u00e1n\u00f3, Olaszorsz\u00e1g (tervezett)<\/li><\/ul><\/li><\/ul>\n","protected":false},"excerpt":{"rendered":"<p>Speci\u00e1lis\/Szakmai nyelvi k\u00e9pz\u00e9s<br \/>\nNyelvvizsga lehet\u0151s\u00e9gek<br \/>\nMobilit\u00e1si programok<\/p>\n","protected":false},"author":1,"featured_media":0,"parent":0,"menu_order":0,"comment_status":"closed","ping_status":"closed","template":"","meta":[],"_links":{"self":[{"href":"https:\/\/terplanszki.hu\/index.php?rest_route=\/wp\/v2\/pages\/125"}],"collection":[{"href":"https:\/\/terplanszki.hu\/index.php?rest_route=\/wp\/v2\/pages"}],"about":[{"href":"https:\/\/terplanszki.hu\/index.php?rest_route=\/wp\/v2\/types\/page"}],"author":[{"embeddable":true,"href":"https:\/\/terplanszki.hu\/index.php?rest_route=\/wp\/v2\/users\/1"}],"replies":[{"embeddable":true,"href":"https:\/\/terplanszki.hu\/index.php?rest_route=%2Fwp%2Fv2%2Fcomments&post=125"}],"version-history":[{"count":2,"href":"https:\/\/terplanszki.hu\/index.php?rest_route=\/wp\/v2\/pages\/125\/revisions"}],"predecessor-version":[{"id":134,"href":"https:\/\/terplanszki.hu\/index.php?rest_route=\/wp\/v2\/pages\/125\/revisions\/134"}],"wp:attachment":[{"href":"https:\/\/terplanszki.hu\/index.php?rest_route=%2Fwp%2Fv2%2Fmedia&parent=125"}],"curies":[{"name":"wp","href":"https:\/\/api.w.org\/{rel}","templated":true}]}}