{"id":2,"date":"2020-10-28T20:24:54","date_gmt":"2020-10-28T20:24:54","guid":{"rendered":"http:\/\/wp.terplanszki.hu\/?page_id=2"},"modified":"2025-07-09T09:46:18","modified_gmt":"2025-07-09T07:46:18","slug":"ez-egy-minta-oldal","status":"publish","type":"page","link":"https:\/\/terplanszki.hu\/","title":{"rendered":"\u00dcdv\u00f6z\u00f6lj\u00fck!"},"content":{"rendered":"\n<p><strong>Az iskola \u00e1ltal\u00e1nos alapelve:<\/strong><\/p>\n\n\n\n<p><strong>\u00c1ltal\u00e1nos emberi \u00e9rt\u00e9keken alapul\u00f3 pedag\u00f3gi\u00e1ban hisz\u00fcnk<\/strong>, a r\u00e1nk b\u00edzott gyerekek szakmai k\u00e9pz\u00e9se mellett, \u00edgy kiemelten fontos, hogy \u00e9letszeretetre, \u0151szintes\u00e9gre, m\u00e1sik ember tisztelet\u00e9re, becs\u00fcletes, lelkiismeretes helyt\u00e1ll\u00e1sra nevelj\u00fck \u0151ket. C\u00e9ljaink megval\u00f3s\u00edt\u00e1s\u00e1n\u00e1l fontos szempont, hogy tanul\u00f3inkkal \u00e9s csal\u00e1djaikkal szoros egy\u00fcttm\u0171k\u00f6d\u00e9st alak\u00edtsunk ki.<\/p>\n\n\n\n<p>Akt\u00edv di\u00e1k\u00e9let, j\u00f3l m\u0171k\u00f6d\u0151 oszt\u00e1lyk\u00f6z\u00f6ss\u00e9gek, szakk\u00f6r\u00f6k \u00e9s egy\u00e9b f\u00f3rumok er\u0151s\u00edtik, szorosabbra f\u0171zik a szem\u00e9lyes kapcsolatokat di\u00e1kok, tan\u00e1rok, sz\u00fcl\u0151k k\u00f6z\u00f6tt.<\/p>\n\n\n\n<p>Szakmai programunk megval\u00f3s\u00edt\u00e1sa gyerekk\u00f6zpont\u00fa, csal\u00e1dias, biztons\u00e1gos k\u00f6rnyezetben t\u00f6rt\u00e9nik. Az egyes szakmai programokhoz magas technikai sz\u00ednvonalat biztos\u00edt\u00f3 oktat\u00e1stechnikai \u00e9s szakmai gyakorlati felt\u00e9telrendszer t\u00e1rsul.<\/p>\n\n\n\n<p>Iskol\u00e1nk \u00e1ltal vallott <strong>pedag\u00f3giai \u00e9s szakmai c\u00e9lkit\u0171z\u00e9sek j\u00f3l illeszkednek a Kolping Sz\u00f6vets\u00e9g alapelveihez.<\/strong><\/p>\n\n\n\n<p><strong>A Terpl\u00e1n m\u0171k\u00f6d\u00e9s\u00e9nek c\u00e9lja, hogy olyan int\u00e9zm\u00e9nyt fejlesszen, amely di\u00e1kjai \u00e9s tan\u00e1rai sz\u00e1m\u00e1ra katolikus kereszt\u00e9ny \u00e9rt\u00e9keket k\u00f6zvet\u00edt.<\/strong><\/p>\n\n\n\n<p><strong>A k\u00e9pz\u00e9s jellemz\u0151i<\/strong><\/p>\n\n\n\n<p><strong>5 \u00e9vfolyamos technikumi k\u00e9pz\u00e9sek:<\/strong><\/p>\n\n\n\n<p><strong>Technikum 9-13. \u00e9vfolyam<\/strong><\/p>\n\n\n\n<ul><li>\u00d3raterve k\u00e9t r\u00e9szb\u0151l \u00e1ll k\u00f6zismereti \u00e9s szakmai \u00f3r\u00e1kb\u00f3l;<\/li><li>A tanul\u00f3k 12. \u00e9vfolyam v\u00e9g\u00e9n el\u0151rehozott \u00e9retts\u00e9gi vizsg\u00e1t tesznek magyar nyelv \u2013 \u00e9s irodalom, matematika, t\u00f6rt\u00e9nelem tant\u00e1rgyakb\u00f3l, 13. \u00e9vfolyam v\u00e9g\u00e9n idegen nyelvb\u0151l \u00e9retts\u00e9gi vizsg\u00e1val valamint a v\u00e1lasztott szakm\u00e1ban technikusi szakmai vizsg\u00e1val z\u00e1rj\u00e1k k\u00f6z\u00e9piskolai tanulm\u00e1nyaikat;<\/li><li>\u00c1llami \u00f6szt\u00f6nd\u00edj rendszer keret\u00e9ben tanul\u00f3ink havi \u00f6szt\u00f6nd\u00edjban r\u00e9szes\u00fclnek.<\/li><\/ul>\n\n\n\n<ul><li>V\u00e1laszthat\u00f3 technikumi k\u00e9pz\u00e9sek:<\/li><\/ul>\n\n\n\n<p><em><strong>Gazdas\u00e1gi szakter\u00fcleten<\/strong><\/em><em>:<\/em><\/p>\n\n\n\n<p><strong>Logisztikai technikus<\/strong><\/p>\n\n\n\n<p><strong>P\u00e9nz\u00fcgyi-sz\u00e1mviteli \u00fcgyint\u00e9z\u0151<\/strong><\/p>\n\n\n\n<p><em><strong>M\u0171szaki-informatikai szakter\u00fcleten<\/strong><\/em>:<\/p>\n\n\n\n<p><strong>G\u00e9pgy\u00e1rt\u00e1stechnol\u00f3giai technikus<\/strong><\/p>\n\n\n\n<p><strong>G\u00e9pj\u00e1rm\u0171mechatronikai technikus<\/strong><\/p>\n\n\n\n<p><strong>Informatikai rendszer-\u00e9s alkalmaz\u00e1s-\u00fczemeltet\u0151<\/strong><\/p>\n\n\n\n<ul><li>Minden szakter\u00fcleten gyakorlatorient\u00e1lt k\u00e9pz\u00e9st folytatunk, ennek megval\u00f3s\u00edt\u00e1s\u00e1t t\u00e1mogatja az iskola \u00e1ltal m\u0171k\u00f6dtetett <strong>EDU-R\u00c9GI\u00d3 Szakk\u00e9pz\u0151 K\u00f6zpont<\/strong>, mely szerves r\u00e9sz\u00e9t k\u00e9pezi a szakmai elm\u00e9leti oktat\u00e1s b\u00e1zis\u00e1nak;<\/li><\/ul>\n\n\n\n<p><strong>Mi\u00e9rt a Terpl\u00e1n?<\/strong><\/p>\n\n\n\n<ul><li>Az \u00e1ltalunk k\u00edn\u00e1lt technikumi k\u00e9pz\u00e9sek mindegyike lehet\u0151s\u00e9get biztos\u00edt f\u0151iskolai, egyetemi tov\u00e1bbtanul\u00e1sra, illetve a munkaer\u0151piacon t\u00f6rt\u00e9n\u0151 elhelyezked\u00e9sre.<\/li><\/ul>\n\n\n\n<ul><li>Tananyag feldolgoz\u00e1s sor\u00e1n v\u00e1ltozatos pedag\u00f3giai m\u00f3dszerekkel dolgozunk- <strong>projektoktat\u00e1s, kooperat\u00edv m\u00f3dszer, tapasztalati alapon nyugv\u00f3 szakmai projektek sz\u00ednes\u00edtik \u00e9s seg\u00edtik a tananyag elsaj\u00e1t\u00edt\u00e1s\u00e1t.<\/strong><\/li><\/ul>\n\n\n\n<ul><li><strong>Idegen nyelvek oktat\u00e1s<\/strong>\u00e1t minden szakter\u00fcleten <strong>kis csoportos form\u00e1ban<\/strong> szervezz\u00fck.<\/li><\/ul>\n\n\n\n<ul><li>Tanul\u00f3inknak lehet\u0151s\u00e9get biztos\u00edtunk <strong>\u00e1llami nyelvvizsga let\u00e9tel\u00e9re<\/strong> iskol\u00e1n bel\u00fcl, a <strong>Budapesti M\u0171szaki Egyetem Akkredit\u00e1lt Nyelvvizsga k\u00f6zpontjak\u00e9nt<\/strong> m\u0171k\u00f6d\u00fcnk;<\/li><li><strong>V\u00e1laszthat\u00f3 idegen nyelvek: angol, n\u00e9met, spanyol.<\/strong><\/li><\/ul>\n\n\n\n<ul><li>Iskol\u00e1nk <strong>minden szakir\u00e1ny\u00e1ban<\/strong> az elt\u00f6lt\u00f6tt 5 \u00e9v alatt <strong>akt\u00edv di\u00e1k\u00e9let<\/strong>, <strong>sport \u00e9s \u00f6nszervez\u0151d\u0151 m\u0171v\u00e9szeti k\u00f6r\u00f6k m\u0171k\u00f6dnek( fot\u00f3, sz\u00ednj\u00e1tsz\u00f3k\u00f6r, stb.).<\/strong><\/li><\/ul>\n\n\n\n<ul><li><strong>Sz\u00e1mos p\u00e1ly\u00e1zaton<\/strong> vesz\u00fcnk r\u00e9szt, ahol lehet\u0151s\u00e9get kapnak tanul\u00f3ink <strong>idegennyelvi kommunik\u00e1ci\u00f3s k\u00e9pess\u00e9geik fejleszt\u00e9s\u00e9<\/strong>hez.<\/li><\/ul>\n\n\n\n<ul><li><strong>Bej\u00e1r\u00f3 tanul\u00f3ink biztons\u00e1gos k\u00f6rnyezetben t\u00f6lthetik el a v\u00e1rakoz\u00e1si id\u0151t ak\u00e1r \u00f3rakezd\u00e9s, ak\u00e1r a d\u00e9lut\u00e1ni haza utaz\u00e1sig.<\/strong><\/li><\/ul>\n\n\n\n<ul><li>Sz\u00e1m\u00edt\u00f3g\u00e9pekkel felszerelt informatika laborok lehet\u0151s\u00e9get biztos\u00edtanak a tananyag feldolgoz\u00e1shoz, oktat\u00f3anyagok futtat\u00e1s\u00e1hoz. ECDL vizsga let\u00e9tel\u00e9nek lehet\u0151s\u00e9ge.<\/li><li>Sz\u00ednvonalas b\u00fcf\u00e9nk szolg\u00e1ltat\u00e1sa lehet\u0151s\u00e9get biztos\u00edt az iskol\u00e1n bel\u00fcli eg\u00e9szs\u00e9ges \u00e9tkez\u00e9sekhez.<\/li><li>Fiatal, rugalmas tantest\u00fclet, szakm\u00e1jukban elismert oktat\u00f3k, gyakorlati szakemberek t\u00e1mogat\u00f3 pedag\u00f3giai- szakmai munk\u00e1ja szolg\u00e1lja tanul\u00f3ink eredm\u00e9nyes tanulm\u00e1nyi, k\u00f6z\u00f6ss\u00e9gi tev\u00e9kenys\u00e9g\u00e9t.<\/li><li>Szervezeti kult\u00far\u00e1nk szerves r\u00e9sz\u00e9t k\u00e9pezik iskolai \u00fcnnepeink, melyek m\u00e9lt\u00f3 meg\u00fcnnepl\u00e9s\u00e9re nagy hangs\u00falyt fektet\u00fcnk. Iskol\u00e1nk di\u00e1kjai tan\u00e1rai szorgalmas munk\u00e1val k\u00e9sz\u00fclnek a szalagavat\u00f3, ballag\u00e1si \u00fcnnepeink, eml\u00e9kezetes meg\u00fcnnepl\u00e9s\u00e9re.<\/li><li>Egyh\u00e1zi \u00fcnnepeink el\u0151k\u00e9sz\u00edt\u00e9se, \u00fcnnepl\u00e9se \u2013 lelkigyakorlat, lelkinap, advent, nagyh\u00e9t \u2013 fontos r\u00e9sze tanul\u00f3ink \u00e9s tan\u00e1rink, oktat\u00f3ink lelki felt\u00f6lt\u0151d\u00e9s\u00e9nek, melyek biztos alapot adnak mindennapi tev\u00e9kenys\u00e9g\u00fcnk v\u00e9gz\u00e9s\u00e9hez.<\/li><\/ul>\n","protected":false},"excerpt":{"rendered":"<p>Az iskola \u00e1ltal\u00e1nos alapelve: \u00c1ltal\u00e1nos emberi \u00e9rt\u00e9keken alapul\u00f3 pedag\u00f3gi\u00e1ban hisz\u00fcnk, a r\u00e1nk b\u00edzott gyerekek szakmai k\u00e9pz\u00e9se mellett, \u00edgy kiemelten fontos, hogy \u00e9letszeretetre, \u0151szintes\u00e9gre, m\u00e1sik ember tisztelet\u00e9re, becs\u00fcletes, lelkiismeretes helyt\u00e1ll\u00e1sra nevelj\u00fck \u0151ket. C\u00e9ljaink megval\u00f3s\u00edt\u00e1s\u00e1n\u00e1l fontos szempont, hogy tanul\u00f3inkkal \u00e9s csal\u00e1djaikkal szoros egy\u00fcttm\u0171k\u00f6d\u00e9st alak\u00edtsunk ki. Akt\u00edv di\u00e1k\u00e9let, j\u00f3l m\u0171k\u00f6d\u0151 oszt\u00e1lyk\u00f6z\u00f6ss\u00e9gek, szakk\u00f6r\u00f6k \u00e9s egy\u00e9b f\u00f3rumok er\u0151s\u00edtik, szorosabbra f\u0171zik&hellip;<\/p>\n","protected":false},"author":2,"featured_media":0,"parent":0,"menu_order":0,"comment_status":"closed","ping_status":"open","template":"","meta":[],"_links":{"self":[{"href":"https:\/\/terplanszki.hu\/index.php?rest_route=\/wp\/v2\/pages\/2"}],"collection":[{"href":"https:\/\/terplanszki.hu\/index.php?rest_route=\/wp\/v2\/pages"}],"about":[{"href":"https:\/\/terplanszki.hu\/index.php?rest_route=\/wp\/v2\/types\/page"}],"author":[{"embeddable":true,"href":"https:\/\/terplanszki.hu\/index.php?rest_route=\/wp\/v2\/users\/2"}],"replies":[{"embeddable":true,"href":"https:\/\/terplanszki.hu\/index.php?rest_route=%2Fwp%2Fv2%2Fcomments&post=2"}],"version-history":[{"count":3,"href":"https:\/\/terplanszki.hu\/index.php?rest_route=\/wp\/v2\/pages\/2\/revisions"}],"predecessor-version":[{"id":121,"href":"https:\/\/terplanszki.hu\/index.php?rest_route=\/wp\/v2\/pages\/2\/revisions\/121"}],"wp:attachment":[{"href":"https:\/\/terplanszki.hu\/index.php?rest_route=%2Fwp%2Fv2%2Fmedia&parent=2"}],"curies":[{"name":"wp","href":"https:\/\/api.w.org\/{rel}","templated":true}]}}