{"id":347,"date":"2021-07-07T13:47:03","date_gmt":"2021-07-07T11:47:03","guid":{"rendered":"https:\/\/terplanszki.hu\/?page_id=347"},"modified":"2023-07-04T08:57:01","modified_gmt":"2023-07-04T06:57:01","slug":"allas-ajanlat","status":"publish","type":"page","link":"https:\/\/terplanszki.hu\/?page_id=347","title":{"rendered":"\u00c1ll\u00e1saj\u00e1nlat"},"content":{"rendered":"\n<p>2023\/2024. TAN\u00c9VRE FELV\u00c9TELT HIRDET<\/p>\n\n\n\n<ul><li>K\u00f6zgazd\u00e1sztan\u00e1r (K\u00f6zgazd\u00e1sztan\u00e1ri vagy k\u00f6zgazd\u00e1sz v\u00e9gzetts\u00e9g)<\/li><li>Matematika &#8211; b\u00e1rmely szakos tan\u00e1r<\/li><li>Angol &#8211; b\u00e1rmely szakos tan\u00e1r<\/li><li>M\u0171szaki gyakorlati oktat\u00f3 (aut\u00f3szerel\u0151)<\/li><\/ul>\n\n\n\n<p>\u00c1LL\u00c1S MUNKAK\u00d6R BET\u00d6LT\u00c9S\u00c9RE.<\/p>\n\n\n\n<p>Jelentkez\u00e9s f\u00e9nyk\u00e9pes szakmai \u00f6n\u00e9letrajzzal az iskola el\u00e9rhet\u0151s\u00e9gein.<\/p>\n","protected":false},"excerpt":{"rendered":"<p>Munkat\u00e1rsat keres\u00fcnk.<\/p>\n","protected":false},"author":2,"featured_media":352,"parent":0,"menu_order":0,"comment_status":"closed","ping_status":"closed","template":"","meta":[],"_links":{"self":[{"href":"https:\/\/terplanszki.hu\/index.php?rest_route=\/wp\/v2\/pages\/347"}],"collection":[{"href":"https:\/\/terplanszki.hu\/index.php?rest_route=\/wp\/v2\/pages"}],"about":[{"href":"https:\/\/terplanszki.hu\/index.php?rest_route=\/wp\/v2\/types\/page"}],"author":[{"embeddable":true,"href":"https:\/\/terplanszki.hu\/index.php?rest_route=\/wp\/v2\/users\/2"}],"replies":[{"embeddable":true,"href":"https:\/\/terplanszki.hu\/index.php?rest_route=%2Fwp%2Fv2%2Fcomments&post=347"}],"version-history":[{"count":7,"href":"https:\/\/terplanszki.hu\/index.php?rest_route=\/wp\/v2\/pages\/347\/revisions"}],"predecessor-version":[{"id":612,"href":"https:\/\/terplanszki.hu\/index.php?rest_route=\/wp\/v2\/pages\/347\/revisions\/612"}],"wp:featuredmedia":[{"embeddable":true,"href":"https:\/\/terplanszki.hu\/index.php?rest_route=\/wp\/v2\/media\/352"}],"wp:attachment":[{"href":"https:\/\/terplanszki.hu\/index.php?rest_route=%2Fwp%2Fv2%2Fmedia&parent=347"}],"curies":[{"name":"wp","href":"https:\/\/api.w.org\/{rel}","templated":true}]}}