{"id":571,"date":"2023-03-16T09:34:11","date_gmt":"2023-03-16T08:34:11","guid":{"rendered":"https:\/\/terplanszki.hu\/?page_id=571"},"modified":"2026-03-18T09:13:20","modified_gmt":"2026-03-18T08:13:20","slug":"ideiglenes-felveteli-rangsor-a-2023-2024-tanevre","status":"publish","type":"page","link":"https:\/\/terplanszki.hu\/?page_id=571","title":{"rendered":"Ideiglenes felv\u00e9teli rangsor a 2026\/2027. tan\u00e9vre"},"content":{"rendered":"\n<p>0001 G\u00e9pj\u00e1rm\u0171-mechatronikai technikus<\/p>\n\n\n\n<figure class=\"wp-block-table\"><table><tbody><tr><td>Sorsz\u00e1m<\/td><td>Oktat\u00e1si azonos\u00edt\u00f3<\/td><td>Pontsz\u00e1m<\/td><\/tr><tr><td>1<\/td><td>73027628847<\/td><td>99<\/td><\/tr><tr><td>2<\/td><td>73095262066<\/td><td>94<\/td><\/tr><tr><td>3<\/td><td>73027080432<\/td><td>89<\/td><\/tr><tr><td>4<\/td><td>73052651057<\/td><td>89<\/td><\/tr><tr><td>5<\/td><td>73035651311<\/td><td>89<\/td><\/tr><tr><td>6<\/td><td>73064296336<\/td><td>88<\/td><\/tr><tr><td>7<\/td><td>72970414026<\/td><td>88<\/td><\/tr><tr><td>8<\/td><td>73024922891<\/td><td>86<\/td><\/tr><tr><td>9<\/td><td>73024526306<\/td><td>86<\/td><\/tr><tr><td>10<\/td><td>73123286066<\/td><td>84<\/td><\/tr><tr><td>11<\/td><td>73026963534<\/td><td>83<\/td><\/tr><tr><td>12<\/td><td>72900235066<\/td><td>82<\/td><\/tr><tr><td>13<\/td><td>73003091145<\/td><td>82<\/td><\/tr><tr><td>14<\/td><td>73101047570<\/td><td>81<\/td><\/tr><tr><td>15<\/td><td>73074890615<\/td><td>80<\/td><\/tr><tr><td>16<\/td><td>73011836007<\/td><td>79<\/td><\/tr><tr><td>17<\/td><td>73027023329<\/td><td>78<\/td><\/tr><tr><td>18<\/td><td>73026894268<\/td><td>77<\/td><\/tr><tr><td>19<\/td><td>73046123274<\/td><td>76<\/td><\/tr><tr><td>20<\/td><td>72979197257<\/td><td>76<\/td><\/tr><tr><td>21<\/td><td>72876899502<\/td><td>75<\/td><\/tr><tr><td>22<\/td><td>73026899353<\/td><td>74<\/td><\/tr><tr><td>23<\/td><td>73008747246<\/td><td>72<\/td><\/tr><tr><td>24<\/td><td>73113067208<\/td><td>72<\/td><\/tr><tr><td>25<\/td><td>72924910525<\/td><td>72<\/td><\/tr><tr><td>26<\/td><td>73061299254<\/td><td>71<\/td><\/tr><tr><td>27<\/td><td>73024633754<\/td><td>71<\/td><\/tr><tr><td>28<\/td><td>73063734363<\/td><td>70<\/td><\/tr><tr><td>29<\/td><td>73129890416<\/td><td>70<\/td><\/tr><tr><td>30<\/td><td>73115130964<\/td><td>68<\/td><\/tr><tr><td>31<\/td><td>73021433802<\/td><td>67<\/td><\/tr><tr><td>32<\/td><td>73032703530<\/td><td>65<\/td><\/tr><tr><td>33<\/td><td>73027421012<\/td><td>63<\/td><\/tr><tr><td>34<\/td><td>72734512740<\/td><td>62<\/td><\/tr><tr><td>35<\/td><td>73984124075<\/td><td>61<\/td><\/tr><tr><td>36<\/td><td>73038180445<\/td><td>60<\/td><\/tr><tr><td>37<\/td><td>73092195700<\/td><td>60<\/td><\/tr><tr><td>38<\/td><td>73015748092<\/td><td>60<\/td><\/tr><tr><td>39<\/td><td>72902000748<\/td><td>59<\/td><\/tr><tr><td>40<\/td><td>73047277589<\/td><td>58<\/td><\/tr><tr><td>41<\/td><td>73064366252<\/td><td>57<\/td><\/tr><tr><td>42<\/td><td>73031201113<\/td><td>57<\/td><\/tr><tr><td>43<\/td><td>73107232585<\/td><td>57<\/td><\/tr><tr><td>44<\/td><td>73019718162<\/td><td>55<\/td><\/tr><tr><td>45<\/td><td>73038146926<\/td><td>54<\/td><\/tr><tr><td>46<\/td><td>72917360444<\/td><td>53<\/td><\/tr><tr><td>47<\/td><td>73040821815<\/td><td>53<\/td><\/tr><tr><td>48<\/td><td>73028134064<\/td><td>53<\/td><\/tr><tr><td>49<\/td><td>73029574899<\/td><td>48<\/td><\/tr><tr><td>50<\/td><td>74564308263<\/td><td>17<\/td><\/tr><\/tbody><\/table><\/figure>\n\n\n\n<p>0002 G\u00e9pgy\u00e1rt\u00e1s-technol\u00f3giai technikus<\/p>\n\n\n\n<figure class=\"wp-block-table\"><table><tbody><tr><td>Sorsz\u00e1m<\/td><td>Oktat\u00e1si azonos\u00edt\u00f3<\/td><td>Pontsz\u00e1m<\/td><\/tr><tr><td>1<\/td><td>73393431506<\/td><td>96<\/td><\/tr><tr><td>2<\/td><td>72970414026<\/td><td>88<\/td><\/tr><tr><td>3<\/td><td>73038197157<\/td><td>86<\/td><\/tr><tr><td>4<\/td><td>73024922891<\/td><td>86<\/td><\/tr><tr><td>5<\/td><td>73078301859<\/td><td>85<\/td><\/tr><tr><td>6<\/td><td>72895020815<\/td><td>82<\/td><\/tr><tr><td>7<\/td><td>73011836007<\/td><td>79<\/td><\/tr><tr><td>8<\/td><td>73026894268<\/td><td>77<\/td><\/tr><tr><td>9<\/td><td>73026899353<\/td><td>74<\/td><\/tr><tr><td>10<\/td><td>73056999707<\/td><td>73<\/td><\/tr><tr><td>11<\/td><td>73024633754<\/td><td>71<\/td><\/tr><tr><td>12<\/td><td>73129890416<\/td><td>70<\/td><\/tr><tr><td>13<\/td><td>73115130964<\/td><td>68<\/td><\/tr><tr><td>14<\/td><td>73021433802<\/td><td>67<\/td><\/tr><tr><td>15<\/td><td>73002452734<\/td><td>67<\/td><\/tr><tr><td>16<\/td><td>73128988651<\/td><td>66<\/td><\/tr><tr><td>17<\/td><td>72939684224<\/td><td>65<\/td><\/tr><tr><td>18<\/td><td>72894975282<\/td><td>63<\/td><\/tr><tr><td>19<\/td><td>73027421012<\/td><td>63<\/td><\/tr><tr><td>20<\/td><td>72734512740<\/td><td>62<\/td><\/tr><tr><td>21<\/td><td>73131523399<\/td><td>62<\/td><\/tr><tr><td>22<\/td><td>73038180445<\/td><td>60<\/td><\/tr><tr><td>23<\/td><td>73047277589<\/td><td>58<\/td><\/tr><tr><td>24<\/td><td>73064366252<\/td><td>57<\/td><\/tr><tr><td>25<\/td><td>73128862598<\/td><td>54<\/td><\/tr><tr><td>26<\/td><td>73028134064<\/td><td>53<\/td><\/tr><tr><td>27<\/td><td>73042661390<\/td><td>51<\/td><\/tr><tr><td>28<\/td><td>74564308263<\/td><td>17<\/td><\/tr><\/tbody><\/table><\/figure>\n\n\n\n<p>0003 Informatikai rendszer-\u00e9s alkalmaz\u00e1s-\u00fczemeltet\u0151 technikus<\/p>\n\n\n\n<figure class=\"wp-block-table\"><table><tbody><tr><td>Sorsz\u00e1m<\/td><td>Oktat\u00e1si azonos\u00edt\u00f3<\/td><td>Pontsz\u00e1m<\/td><\/tr><tr><td>1<\/td><td>73047214050<\/td><td>100<\/td><\/tr><tr><td>2<\/td><td>72983282532<\/td><td>98<\/td><\/tr><tr><td>3<\/td><td>73026906215<\/td><td>95<\/td><\/tr><tr><td>4<\/td><td>72893578090<\/td><td>95<\/td><\/tr><tr><td>5<\/td><td>73095262066<\/td><td>94<\/td><\/tr><tr><td>6<\/td><td>73057386095<\/td><td>92<\/td><\/tr><tr><td>7<\/td><td>73277275956<\/td><td>92<\/td><\/tr><tr><td>8<\/td><td>73019454153<\/td><td>91<\/td><\/tr><tr><td>9<\/td><td>73265334938<\/td><td>88<\/td><\/tr><tr><td>10<\/td><td>73030676149<\/td><td>87<\/td><\/tr><tr><td>11<\/td><td>73093851754<\/td><td>87<\/td><\/tr><tr><td>12<\/td><td>73017209265<\/td><td>86<\/td><\/tr><tr><td>13<\/td><td>72902071178<\/td><td>86<\/td><\/tr><tr><td>14<\/td><td>73071242317<\/td><td>86<\/td><\/tr><tr><td>15<\/td><td>73038197157<\/td><td>86<\/td><\/tr><tr><td>16<\/td><td>73057388296<\/td><td>85<\/td><\/tr><tr><td>17<\/td><td>73027040974<\/td><td>84<\/td><\/tr><tr><td>18<\/td><td>73032903068<\/td><td>83<\/td><\/tr><tr><td>19<\/td><td>72895020815<\/td><td>82<\/td><\/tr><tr><td>20<\/td><td>73074890615<\/td><td>80<\/td><\/tr><tr><td>21<\/td><td>73131653268<\/td><td>79<\/td><\/tr><tr><td>22<\/td><td>73071056812<\/td><td>79<\/td><\/tr><tr><td>23<\/td><td>72888398556<\/td><td>79<\/td><\/tr><tr><td>24<\/td><td>73029573149<\/td><td>76<\/td><\/tr><tr><td>25<\/td><td>72950322473<\/td><td>76<\/td><\/tr><tr><td>26<\/td><td>73070549089<\/td><td>76<\/td><\/tr><tr><td>27<\/td><td>73029320476<\/td><td>76<\/td><\/tr><tr><td>28<\/td><td>72979197678<\/td><td>76<\/td><\/tr><tr><td>29<\/td><td>72979197257<\/td><td>76<\/td><\/tr><tr><td>30<\/td><td>72876899502<\/td><td>75<\/td><\/tr><tr><td>31<\/td><td>72988097706<\/td><td>75<\/td><\/tr><tr><td>32<\/td><td>73026899353<\/td><td>74<\/td><\/tr><tr><td>33<\/td><td>73020324966<\/td><td>73<\/td><\/tr><tr><td>34<\/td><td>72924910525<\/td><td>72<\/td><\/tr><tr><td>35<\/td><td>73060655963<\/td><td>71<\/td><\/tr><tr><td>36<\/td><td>73129890416<\/td><td>70<\/td><\/tr><tr><td>37<\/td><td>72900442885<\/td><td>69<\/td><\/tr><tr><td>38<\/td><td>73023624296<\/td><td>69<\/td><\/tr><tr><td>39<\/td><td>73005733499<\/td><td>66<\/td><\/tr><tr><td>40<\/td><td>73024519230<\/td><td>65<\/td><\/tr><tr><td>41<\/td><td>73028096820<\/td><td>65<\/td><\/tr><tr><td>42<\/td><td>73194393683<\/td><td>65<\/td><\/tr><tr><td>43<\/td><td>72894975282<\/td><td>63<\/td><\/tr><tr><td>44<\/td><td>72906850492<\/td><td>60<\/td><\/tr><tr><td>45<\/td><td>73015748092<\/td><td>60<\/td><\/tr><tr><td>46<\/td><td>72902000748<\/td><td>59<\/td><\/tr><tr><td>47<\/td><td>74199859745<\/td><td>59<\/td><\/tr><tr><td>48<\/td><td>73027006515<\/td><td>57<\/td><\/tr><tr><td>49<\/td><td>73019718162<\/td><td>55<\/td><\/tr><tr><td>50<\/td><td>73019470925<\/td><td>53<\/td><\/tr><tr><td>51<\/td><td>73028134064<\/td><td>53<\/td><\/tr><tr><td>52<\/td><td>73030666456<\/td><td>51<\/td><\/tr><tr><td>53<\/td><td>72753189569<\/td><td>50<\/td><\/tr><tr><td>54<\/td><td>73076665399<\/td><td>37<\/td><\/tr><tr><td>55<\/td><td>72919145375<\/td><td>27<\/td><\/tr><tr><td>56<\/td><td>74564308263<\/td><td>17<\/td><\/tr><\/tbody><\/table><\/figure>\n\n\n\n<p>0004 Logisztikai technikus<\/p>\n\n\n\n<figure class=\"wp-block-table\"><table><tbody><tr><td>Sorsz\u00e1m<\/td><td>Oktat\u00e1si azonos\u00edt\u00f3<\/td><td>Pontsz\u00e1m<\/td><\/tr><tr><td>1<\/td><td>72983282532<\/td><td>98<\/td><\/tr><tr><td>2<\/td><td>73027044249<\/td><td>98<\/td><\/tr><tr><td>3<\/td><td>73020451225<\/td><td>95<\/td><\/tr><tr><td>4<\/td><td>73021097343<\/td><td>93<\/td><\/tr><tr><td>5<\/td><td>73028117448<\/td><td>92<\/td><\/tr><tr><td>6<\/td><td>73071388438<\/td><td>89<\/td><\/tr><tr><td>7<\/td><td>73052651057<\/td><td>89<\/td><\/tr><tr><td>8<\/td><td>73057523069<\/td><td>88<\/td><\/tr><tr><td>9<\/td><td>72915207282<\/td><td>85<\/td><\/tr><tr><td>10<\/td><td>73057388296<\/td><td>85<\/td><\/tr><tr><td>11<\/td><td>73031132123<\/td><td>85<\/td><\/tr><tr><td>12<\/td><td>73092270260<\/td><td>85<\/td><\/tr><tr><td>13<\/td><td>72950884357<\/td><td>84<\/td><\/tr><tr><td>14<\/td><td>73032903068<\/td><td>83<\/td><\/tr><tr><td>15<\/td><td>73082431706<\/td><td>82<\/td><\/tr><tr><td>16<\/td><td>72895020815<\/td><td>82<\/td><\/tr><tr><td>17<\/td><td>73024638868<\/td><td>81<\/td><\/tr><tr><td>18<\/td><td>73053336193<\/td><td>81<\/td><\/tr><tr><td>19<\/td><td>73026067276<\/td><td>81<\/td><\/tr><tr><td>20<\/td><td>72950323461<\/td><td>81<\/td><\/tr><tr><td>21<\/td><td>73106787773<\/td><td>80<\/td><\/tr><tr><td>22<\/td><td>73027790698<\/td><td>80<\/td><\/tr><tr><td>23<\/td><td>73074890615<\/td><td>80<\/td><\/tr><tr><td>24<\/td><td>73011836007<\/td><td>79<\/td><\/tr><tr><td>25<\/td><td>72947005901<\/td><td>77<\/td><\/tr><tr><td>26<\/td><td>73126227701<\/td><td>77<\/td><\/tr><tr><td>27<\/td><td>72950322473<\/td><td>76<\/td><\/tr><tr><td>28<\/td><td>73029320476<\/td><td>76<\/td><\/tr><tr><td>29<\/td><td>73031247838<\/td><td>76<\/td><\/tr><tr><td>30<\/td><td>73020324966<\/td><td>73<\/td><\/tr><tr><td>31<\/td><td>73005394797<\/td><td>73<\/td><\/tr><tr><td>32<\/td><td>73019868562<\/td><td>73<\/td><\/tr><tr><td>33<\/td><td>73102190179<\/td><td>71<\/td><\/tr><tr><td>34<\/td><td>72952733656<\/td><td>71<\/td><\/tr><tr><td>35<\/td><td>73044324264<\/td><td>71<\/td><\/tr><tr><td>36<\/td><td>73063734363<\/td><td>70<\/td><\/tr><tr><td>37<\/td><td>72976054896<\/td><td>69<\/td><\/tr><tr><td>38<\/td><td>73083570188<\/td><td>68<\/td><\/tr><tr><td>39<\/td><td>72919836409<\/td><td>66<\/td><\/tr><tr><td>40<\/td><td>73005733499<\/td><td>66<\/td><\/tr><tr><td>41<\/td><td>73027421012<\/td><td>63<\/td><\/tr><tr><td>42<\/td><td>73027058585<\/td><td>62<\/td><\/tr><tr><td>43<\/td><td>72734512740<\/td><td>62<\/td><\/tr><tr><td>44<\/td><td>72906850492<\/td><td>60<\/td><\/tr><tr><td>45<\/td><td>73107232585<\/td><td>57<\/td><\/tr><tr><td>46<\/td><td>73027447224<\/td><td>55<\/td><\/tr><tr><td>47<\/td><td>74019691285<\/td><td>38<\/td><\/tr><tr><td>48<\/td><td>73076665399<\/td><td>37<\/td><\/tr><\/tbody><\/table><\/figure>\n\n\n\n<p>0005 P\u00e9nz\u00fcgyi-sz\u00e1mviteli \u00fcgyint\u00e9z\u0151<\/p>\n\n\n\n<figure class=\"wp-block-table\"><table><tbody><tr><td>Sorsz\u00e1m<\/td><td>Oktat\u00e1si azonos\u00edt\u00f3<\/td><td>Pontsz\u00e1m<\/td><\/tr><tr><td>1<\/td><td>73047214050<\/td><td>100<\/td><\/tr><tr><td>2<\/td><td>73020297090<\/td><td>100<\/td><\/tr><tr><td>3<\/td><td>73106596000<\/td><td>98<\/td><\/tr><tr><td>4<\/td><td>73027044249<\/td><td>98<\/td><\/tr><tr><td>5<\/td><td>73033244719<\/td><td>97<\/td><\/tr><tr><td>6<\/td><td>73134914546<\/td><td>97<\/td><\/tr><tr><td>7<\/td><td>73020389826<\/td><td>96<\/td><\/tr><tr><td>8<\/td><td>73020451225<\/td><td>95<\/td><\/tr><tr><td>9<\/td><td>73091896944<\/td><td>95<\/td><\/tr><tr><td>10<\/td><td>72950788539<\/td><td>94<\/td><\/tr><tr><td>11<\/td><td>73021097343<\/td><td>93<\/td><\/tr><tr><td>12<\/td><td>73073487186<\/td><td>92<\/td><\/tr><tr><td>13<\/td><td>73109308969<\/td><td>92<\/td><\/tr><tr><td>14<\/td><td>73109595974<\/td><td>90<\/td><\/tr><tr><td>15<\/td><td>73027080432<\/td><td>89<\/td><\/tr><tr><td>16<\/td><td>73071388438<\/td><td>89<\/td><\/tr><tr><td>17<\/td><td>73342739956<\/td><td>88<\/td><\/tr><tr><td>18<\/td><td>73113376052<\/td><td>88<\/td><\/tr><tr><td>19<\/td><td>73265334938<\/td><td>88<\/td><\/tr><tr><td>20<\/td><td>73057523069<\/td><td>88<\/td><\/tr><tr><td>21<\/td><td>73005430202<\/td><td>88<\/td><\/tr><tr><td>22<\/td><td>72915207282<\/td><td>85<\/td><\/tr><tr><td>23<\/td><td>73057388296<\/td><td>85<\/td><\/tr><tr><td>24<\/td><td>73031132123<\/td><td>85<\/td><\/tr><tr><td>25<\/td><td>73068218928<\/td><td>85<\/td><\/tr><tr><td>26<\/td><td>73031596454<\/td><td>83<\/td><\/tr><tr><td>27<\/td><td>72961073572<\/td><td>82<\/td><\/tr><tr><td>28<\/td><td>72895020815<\/td><td>82<\/td><\/tr><tr><td>29<\/td><td>73031247103<\/td><td>82<\/td><\/tr><tr><td>30<\/td><td>73053336193<\/td><td>81<\/td><\/tr><tr><td>31<\/td><td>72978886981<\/td><td>80<\/td><\/tr><tr><td>32<\/td><td>73027790698<\/td><td>80<\/td><\/tr><tr><td>33<\/td><td>73131653268<\/td><td>79<\/td><\/tr><tr><td>34<\/td><td>73031218774<\/td><td>79<\/td><\/tr><tr><td>35<\/td><td>73067884897<\/td><td>78<\/td><\/tr><tr><td>36<\/td><td>73010425482<\/td><td>78<\/td><\/tr><tr><td>37<\/td><td>73029579714<\/td><td>78<\/td><\/tr><tr><td>38<\/td><td>73126227701<\/td><td>77<\/td><\/tr><tr><td>39<\/td><td>73070549089<\/td><td>76<\/td><\/tr><tr><td>40<\/td><td>73031247838<\/td><td>76<\/td><\/tr><tr><td>41<\/td><td>73041637004<\/td><td>75<\/td><\/tr><tr><td>42<\/td><td>72952733656<\/td><td>71<\/td><\/tr><tr><td>43<\/td><td>73044324264<\/td><td>71<\/td><\/tr><tr><td>44<\/td><td>73021543537<\/td><td>71<\/td><\/tr><tr><td>45<\/td><td>72976054896<\/td><td>69<\/td><\/tr><tr><td>46<\/td><td>73014698450<\/td><td>66<\/td><\/tr><tr><td>47<\/td><td>73035466458<\/td><td>65<\/td><\/tr><tr><td>48<\/td><td>73032703530<\/td><td>65<\/td><\/tr><tr><td>49<\/td><td>72923895827<\/td><td>62<\/td><\/tr><tr><td>50<\/td><td>74199859745<\/td><td>59<\/td><\/tr><tr><td>51<\/td><td>73024295559<\/td><td>58<\/td><\/tr><tr><td>52<\/td><td>72791578965<\/td><td>56<\/td><\/tr><tr><td>53<\/td><td>73032824222<\/td><td>54<\/td><\/tr><tr><td>54<\/td><td>73085044321<\/td><td>51<\/td><\/tr><tr><td>55<\/td><td>72753189569<\/td><td>50<\/td><\/tr><\/tbody><\/table><\/figure>\n\n\n\n<p>0006 Keresked\u0151 \u00e9s web\u00e1ruh\u00e1zi technikus<\/p>\n\n\n\n<figure class=\"wp-block-table\"><table><tbody><tr><td>Sorsz\u00e1m<\/td><td>Oktat\u00e1si azonos\u00edt\u00f3<\/td><td>Pontsz\u00e1m<\/td><\/tr><tr><td>1<\/td><td>73082431706<\/td><td>82<\/td><\/tr><tr><td>2<\/td><td>73067884897<\/td><td>78<\/td><\/tr><tr><td>3<\/td><td>73126227701<\/td><td>77<\/td><\/tr><tr><td>4<\/td><td>73029320476<\/td><td>76<\/td><\/tr><tr><td>5<\/td><td>73043801164<\/td><td>75<\/td><\/tr><tr><td>6<\/td><td>73041637004<\/td><td>75<\/td><\/tr><tr><td>7<\/td><td>73199739763<\/td><td>67<\/td><\/tr><tr><td>8<\/td><td>72919836409<\/td><td>66<\/td><\/tr><tr><td>9<\/td><td>72888336900<\/td><td>66<\/td><\/tr><tr><td>10<\/td><td>73035466458<\/td><td>65<\/td><\/tr><tr><td>11<\/td><td>73010894383<\/td><td>64<\/td><\/tr><tr><td>12<\/td><td>73027058585<\/td><td>62<\/td><\/tr><tr><td>13<\/td><td>72917360444<\/td><td>53<\/td><\/tr><tr><td>14<\/td><td>72906888506<\/td><td>48<\/td><\/tr><tr><td>15<\/td><td>72912352145<\/td><td>47<\/td><\/tr><tr><td>16<\/td><td>74564309449<\/td><td>16<\/td><\/tr><\/tbody><\/table><\/figure>\n","protected":false},"excerpt":{"rendered":"<p>Ideiglenes felv\u00e9teli rangsor a 2026\/2027. tan\u00e9vre<\/p>\n","protected":false},"author":2,"featured_media":294,"parent":0,"menu_order":0,"comment_status":"closed","ping_status":"closed","template":"","meta":[],"_links":{"self":[{"href":"https:\/\/terplanszki.hu\/index.php?rest_route=\/wp\/v2\/pages\/571"}],"collection":[{"href":"https:\/\/terplanszki.hu\/index.php?rest_route=\/wp\/v2\/pages"}],"about":[{"href":"https:\/\/terplanszki.hu\/index.php?rest_route=\/wp\/v2\/types\/page"}],"author":[{"embeddable":true,"href":"https:\/\/terplanszki.hu\/index.php?rest_route=\/wp\/v2\/users\/2"}],"replies":[{"embeddable":true,"href":"https:\/\/terplanszki.hu\/index.php?rest_route=%2Fwp%2Fv2%2Fcomments&post=571"}],"version-history":[{"count":18,"href":"https:\/\/terplanszki.hu\/index.php?rest_route=\/wp\/v2\/pages\/571\/revisions"}],"predecessor-version":[{"id":824,"href":"https:\/\/terplanszki.hu\/index.php?rest_route=\/wp\/v2\/pages\/571\/revisions\/824"}],"wp:featuredmedia":[{"embeddable":true,"href":"https:\/\/terplanszki.hu\/index.php?rest_route=\/wp\/v2\/media\/294"}],"wp:attachment":[{"href":"https:\/\/terplanszki.hu\/index.php?rest_route=%2Fwp%2Fv2%2Fmedia&parent=571"}],"curies":[{"name":"wp","href":"https:\/\/api.w.org\/{rel}","templated":true}]}}