{"id":62,"date":"2020-10-30T16:37:12","date_gmt":"2020-10-30T16:37:12","guid":{"rendered":"http:\/\/wp.terplanszki.hu\/?page_id=62"},"modified":"2020-11-21T07:56:50","modified_gmt":"2020-11-21T06:56:50","slug":"ecdl","status":"publish","type":"page","link":"https:\/\/terplanszki.hu\/?page_id=62","title":{"rendered":"ECDL"},"content":{"rendered":"\n<h1>Az ECDL r\u00f6vid t\u00f6rt\u00e9nete<\/h1>\n\n\n\n<div id=\"section-g276a37\" class=\"wp-block-gutentor-e6 section-g276a37 gutentor-element gutentor-element-image\"><div class=\"gutentor-element-image-box\"><div class=\"gutentor-image-thumb\"><img class=\"normal-image\" src=\"https:\/\/terplanszki.hu\/wp-content\/uploads\/2020\/11\/ECDL_Programmes_Logo.jpg\" alt=\"ecdl logo\"\/><\/div><\/div><\/div>\n\n\n\n<p>A vizsgarendszert egy 1988-ban sz\u00fcletett \u00f6tlet alapj\u00e1n el\u0151sz\u00f6r Finnorsz\u00e1gban vezett\u00e9k be, 1994-ben. A dolog id\u0151- \u00e9s sz\u00fcks\u00e9gszer\u0171s\u00e9g\u00e9t mi sem igazolja jobban, mint hogy 1997-ben az EU, valamint a CEPIS (Council of European Professional Informatics Societey) t\u00e1mogat\u00e1s\u00e1val l\u00e9trej\u00f6tt a nemzetk\u00f6zi ECDL Alap\u00edtv\u00e1ny, amely m\u00e1ig t\u00f6bb, mint 140 orsz\u00e1gban vezette be \u00e9s fel\u00fcgyeli az ECDL rendszert. A kezdetek \u00f3ta t\u00f6bb Eur\u00f3p\u00e1n k\u00edv\u00fcli orsz\u00e1g (Kanada, D\u00e9l-Afrika, stb.) is csatlakozott: ezekben az orsz\u00e1gokban a vizsgarendszer neve ICDL, azaz International Computer Driving Licence.<br><br>Az ECDL jelenleg az egyetlen olyan bizony\u00edtv\u00e1ny, amely nemzetk\u00f6zileg m\u00e1r mostanra is sz\u00e9les k\u00f6r\u0171 elismer\u00e9sre tett szert, \u00e9s amely megfelel az e-Europe 2002 akci\u00f3terv\u00e9ben megfogalmazott krit\u00e9riumoknak.<\/p>\n\n\n\n<h1>Az ECDL c\u00e9lja<\/h1>\n\n\n\n<ul><li>emelje az \u00e1ltal\u00e1nos sz\u00e1m\u00edt\u00e1stechnikai tud\u00e1sszintet a jelenlegi \u00e9s a leend\u0151 munkav\u00e1llal\u00f3k k\u00f6r\u00e9ben,<\/li><li>kfokozza a sz\u00e1m\u00edt\u00f3g\u00e9ppel dolgoz\u00f3k munk\u00e1j\u00e1nak hat\u00e9konys\u00e1g\u00e1t<\/li><li>n\u00f6velje az inform\u00e1ci\u00f3-technol\u00f3giai befektet\u00e9sek hat\u00e9konys\u00e1g\u00e1t,<\/li><li>megismertesse a felhaszn\u00e1l\u00f3kat a legjobb \u00e9s a legmagasabb sz\u00ednvonal\u00fa m\u00f3dszerekkel.<\/li><\/ul>\n\n\n\n<h1>Kinek \u00e9s mi\u00e9rt j\u00f3?<\/h1>\n\n\n\n<p>Az ECDL&nbsp;<strong>megb\u00edzhat\u00f3<\/strong>&nbsp;( a PC haszn\u00e1lat\u00e1hoz sz\u00fcks\u00e9ges valamennyi ismeretet garant\u00e1lja),&nbsp;<strong>egyszer\u0171&nbsp;<\/strong>(konkr\u00e9t k\u00f6vetelm\u00e9nyrendszere van, modul\u00e1ris form\u00e1ja sz\u00e1mos el\u0151nyt jelent),&nbsp;<strong>min\u0151s\u00e9g-orient\u00e1lt&nbsp;<\/strong>(az EU \u00e1ltal t\u00e1mogatott \u00e9s a nemzetk\u00f6zi ECDL Alap\u00edtv\u00e1ny \u00e1ltal fel\u00fcgyelt vizsgarendszer), v\u00e9g\u00fcl, de nem utols\u00f3sorban pedig&nbsp;<strong>f\u00fcggetlen<\/strong>, azaz a k\u00e9szs\u00e9geket alak\u00edt ki, amelyek a hardver \u00e9s szoftver t\u00edpus\u00e1t\u00f3l f\u00fcggetlen\u00fcl biztos\u00edtj\u00e1k az alapvet\u0151 alkalmaz\u00e1sokban val\u00f3 j\u00e1rtass\u00e1got. Az ECDL el\u0151nyt jelent mind a munkav\u00e1llal\u00f3k \u00e9s munk\u00e1ltat\u00f3k, mind pedig a munkan\u00e9lk\u00fcliek, illetve p\u00e1lyakezd\u0151k sz\u00e1m\u00e1ra.<\/p>\n\n\n\n<h1>ECDL-lehet\u0151s\u00e9gek a fels\u0151oktat\u00e1sban<\/h1>\n\n\n\n<p>A bevezet\u00e9s el\u0151tt \u00e1ll\u00f3 \u00faj, modul\u00e1ris rendszer\u0171 OKJ-s szakk\u00e9pes\u00edt\u00e9sek szakmai \u00e9s vizsgak\u00f6vetelm\u00e9nyei figyelembe veszik, illetve besz\u00e1m\u00edthat\u00f3v\u00e1 teszik az ECDL moduljait, bele\u00e9rtve az \u00f6n\u00e1ll\u00f3, fakultat\u00edv modulokat (K\u00e9pszerkeszt\u00e9s, Webkezd\u0151, CAD, halad\u00f3 sz\u00f6vegszerkeszt\u00e9s, t\u00e1bl\u00e1zatkezel\u00e9s, illetve adatb\u00e1zis-kezel\u00e9s) is. Enn\u00e9lfogva, b\u00e1rmilyen szakm\u00e1r\u00f3l is legyen sz\u00f3, ha kell hozz\u00e1 sz\u00e1m\u00edt\u00f3g\u00e9p, a j\u00f6v\u0151ben jelent\u0151s el\u0151nyh\u00f6z jut az, aki megszerzi az Eur\u00f3pai Sz\u00e1m\u00edt\u00f3g\u00e9p-haszn\u00e1l\u00f3i Jogos\u00edtv\u00e1nyt (ECDL), vagy aki legal\u00e1bb bizonyos modulvizsg\u00e1kat teljes\u00edt: a szakmai k\u00e9pz\u00e9s sor\u00e1n ugyanis az ECDL-modulok \u00e1ltal lefedett ismeretanyagb\u00f3l nem kell vizsg\u00e1t tennie, \u00e9s mentes\u00fclhet bizonyos k\u00e9pz\u00e9si r\u00e9szek l\u00e1togat\u00e1sa al\u00f3l is.<\/p>\n\n\n\n<p>A fels\u0151oktat\u00e1sban is hasonl\u00f3 helyzet megteremt\u00e9s\u00e9hez k\u00edn\u00e1lkozik most t\u00f6rv\u00e9nyes lehet\u0151s\u00e9g. A fels\u0151oktat\u00e1sr\u00f3l sz\u00f3l\u00f3 2005. \u00e9vi LXXXIX sz. t\u00f6rv\u00e9ny egyes rendelkez\u00e9seinek v\u00e9grehajt\u00e1s\u00e1hoz a Magyar K\u00f6zl\u00f6ny 2006\/38. sz\u00e1m\u00e1ban megjelent szab\u00e1lyzat (\u201eA kreditrendszer\u0171 k\u00e9pz\u00e9s \u00e1ltal\u00e1nos szab\u00e1lyai) 9. pontja ugyanis kimondja:<br>\u201eNem kell teljes\u00edteni a tantervben el\u0151\u00edrt k\u00f6vetelm\u00e9nyeket, ha a hallgat\u00f3 azokat kor\u00e1bban m\u00e1r elsaj\u00e1t\u00edtotta \u00e9s ezt hitelt \u00e9rdeml\u0151 m\u00f3don igazolja.\u201d<\/p>\n\n\n\n<h2>\u00c1ltal\u00e1nos tudnival\u00f3k a vizsg\u00e1r\u00f3l<\/h2>\n\n\n\n<p>A hallgat\u00f3 az ECDL rendszerbe val\u00f3 els\u0151 jelentkez\u00e9sekor okm\u00e1nyk\u00e9nt kezelend\u0151 vizsgak\u00e1rty\u00e1t kap, amelyre adatait a vizsgak\u00f6zpont vezeti fel. A k\u00e1rtya ki\u00e1ll\u00edt\u00e1s\u00e1val egy id\u0151ben a vizsg\u00e1z\u00f3 a vizsgak\u00e1rty\u00e1hoz tartoz\u00f3, az adminisztr\u00e1ci\u00f3s rendszerb\u0151l nyomtathat\u00f3 ECDL regisztr\u00e1ci\u00f3s adatlapon al\u00e1\u00edr\u00e1s\u00e1val hozz\u00e1j\u00e1rul ahhoz, hogy adatai a k\u00f6zponti ECDL-adatb\u00e1zisban szerepeljenek, a vizsg\u00e1z\u00f3k k\u00f6z\u00f6tt t\u00f6rt\u00e9n\u0151 nyilv\u00e1ntart\u00e1s c\u00e9lj\u00e1b\u00f3l. A vizsgak\u00e1rtya a regisztr\u00e1ci\u00f3t\u00f3l sz\u00e1m\u00edtott h\u00e1rom \u00e9vig \u00e9rv\u00e9nyes, lej\u00e1rta ut\u00e1n \u00faj vizsgak\u00e1rty\u00e1t kell v\u00e1ltani, \u00e9s az addig teljes\u00edtett vizsg\u00e1kat meg kell ism\u00e9telni. A vizsg\u00e1n haszn\u00e1land\u00f3 szoftver a hallgat\u00f3 \u00e1ltal v\u00e1laszthat\u00f3, az adott vizsgak\u00f6zpont akkredit\u00e1lt szoftverei k\u00f6z\u00fcl.<\/p>\n\n\n\n<p>Egy vizsga 45 perc, \u00edgy egy napon t\u00f6bb vizsga is letehet\u0151, azonban k\u00f6z\u00f6tt\u00fck legal\u00e1bb 20 perc sz\u00fcnetet kell tartani.<\/p>\n\n\n\n<h1>Tov\u00e1bbi inform\u00e1ci\u00f3k<br><\/h1>\n\n\n\n<p>Tov\u00e1bbi inform\u00e1ci\u00f3k, \u00e9rdekess\u00e9gek az&nbsp;<a href=\"http:\/\/www.ecdl.hu\/\" target=\"_blank\" rel=\"noreferrer noopener\">ECDL<\/a>&nbsp;hivatalos honlapj\u00e1n olvashat\u00f3ak! A csoportok indul\u00e1s\u00e1r\u00f3l az iskola titk\u00e1rs\u00e1g\u00e1n \u00e9s weboldal\u00e1n lehet \u00e9rdekl\u0151dni.<\/p>\n","protected":false},"excerpt":{"rendered":"<p>Az ECDL r\u00f6vid t\u00f6rt\u00e9nete A vizsgarendszert egy 1988-ban sz\u00fcletett \u00f6tlet alapj\u00e1n el\u0151sz\u00f6r Finnorsz\u00e1gban vezett\u00e9k be, 1994-ben. A dolog id\u0151- \u00e9s sz\u00fcks\u00e9gszer\u0171s\u00e9g\u00e9t mi sem igazolja jobban, mint hogy 1997-ben az EU, valamint a CEPIS (Council of European Professional Informatics Societey) t\u00e1mogat\u00e1s\u00e1val l\u00e9trej\u00f6tt a nemzetk\u00f6zi ECDL Alap\u00edtv\u00e1ny, amely m\u00e1ig t\u00f6bb, mint 140 orsz\u00e1gban vezette be \u00e9s fel\u00fcgyeli&hellip;<\/p>\n","protected":false},"author":1,"featured_media":0,"parent":0,"menu_order":0,"comment_status":"closed","ping_status":"closed","template":"","meta":[],"_links":{"self":[{"href":"https:\/\/terplanszki.hu\/index.php?rest_route=\/wp\/v2\/pages\/62"}],"collection":[{"href":"https:\/\/terplanszki.hu\/index.php?rest_route=\/wp\/v2\/pages"}],"about":[{"href":"https:\/\/terplanszki.hu\/index.php?rest_route=\/wp\/v2\/types\/page"}],"author":[{"embeddable":true,"href":"https:\/\/terplanszki.hu\/index.php?rest_route=\/wp\/v2\/users\/1"}],"replies":[{"embeddable":true,"href":"https:\/\/terplanszki.hu\/index.php?rest_route=%2Fwp%2Fv2%2Fcomments&post=62"}],"version-history":[{"count":4,"href":"https:\/\/terplanszki.hu\/index.php?rest_route=\/wp\/v2\/pages\/62\/revisions"}],"predecessor-version":[{"id":205,"href":"https:\/\/terplanszki.hu\/index.php?rest_route=\/wp\/v2\/pages\/62\/revisions\/205"}],"wp:attachment":[{"href":"https:\/\/terplanszki.hu\/index.php?rest_route=%2Fwp%2Fv2%2Fmedia&parent=62"}],"curies":[{"name":"wp","href":"https:\/\/api.w.org\/{rel}","templated":true}]}}