{"id":645,"date":"2023-10-30T17:44:42","date_gmt":"2023-10-30T16:44:42","guid":{"rendered":"https:\/\/terplanszki.hu\/?page_id=645"},"modified":"2025-11-09T09:53:58","modified_gmt":"2025-11-09T08:53:58","slug":"nyilt-nap","status":"publish","type":"page","link":"https:\/\/terplanszki.hu\/?page_id=645","title":{"rendered":"Ny\u00edlt nap"},"content":{"rendered":"\n<p>\ufeffSzeretettel v\u00e1rjuk iskol\u00e1juk 7. \u00e9s 8. oszt\u00e1lyos tanul\u00f3it, k\u00eds\u00e9r\u0151 pedag\u00f3gusokat \u00e9s sz\u00fcl\u0151ket iskolai ny\u00edlt napunkra!<\/p>\n\n\n\n<p>Ny\u00edlt nap a terpl\u00e1nban 2025.november 12-\u00e9n, szerd\u00e1n!<\/p>\n\n\n\n<p><strong>9.30 &#8211; 10.00 gy\u00fclekez\u0151 \u00e9s regisztr\u00e1ci\u00f3:<\/strong><br>Szabads\u00e1g t\u00e9r 1. alatt iskol\u00e1nk f\u0151\u00e9p\u00fclet\u00e9ben.<br>J\u00e1szj\u00e1k\u00f3halma, J\u00e1szd\u00f3zsa, J\u00e1szap\u00e1ti, J\u00e1szkis\u00e9r, J\u00e1szszentandr\u00e1s, Heves, J\u00e1szlad\u00e1ny, J\u00e1szals\u00f3szentgy\u00f6rgy, J\u00e1noshida, Sz\u00e1szberek, \u00dajsz\u00e1sz telep\u00fcl\u00e9sek tanul\u00f3i sz\u00e1m\u00e1ra<br>10.00 indul az iskolabusz a Ny\u00edlt Nap helysz\u00edn\u00e9re,a Monostori \u00fat 4.sz\u00e1m al\u00e1.<br>11.45 indul\u00e1s vissza az iskola f\u0151\u00e9p\u00fclet\u00e9hez<\/p>\n\n\n\n<p><strong>10.30 &#8211; 11.00 gy\u00fclekez\u0151 \u00e9s regisztr\u00e1ci\u00f3:<\/strong><br>Szabads\u00e1g t\u00e9r 1. alatt iskol\u00e1nk f\u0151\u00e9p\u00fclet\u00e9ben.<br>J\u00e1szfels\u0151szentgy\u00f6rgy, Nagyk\u00e1ta, Szentm\u00e1rtonk\u00e1ta, Szentl\u0151rinck\u00e1ta, T\u00e1pi\u00f3szele, T\u00f3alm\u00e1s, Farmos telep\u00fcl\u00e9sek tanul\u00f3i sz\u00e1m\u00e1ra<br>11.00 indul az iskolabusz a Ny\u00edlt Nap helysz\u00edn\u00e9re, a Monostori \u00fat 4.sz\u00e1m al\u00e1.<br>12.45 indul\u00e1s vissza az iskola f\u0151\u00e9p\u00fclet\u00e9hez<\/p>\n\n\n\n<p><strong>11.30 &#8211; 12.00 gy\u00fclekez\u0151 \u00e9s regisztr\u00e1ci\u00f3:<\/strong><br>Szabads\u00e1g t\u00e9r 1. alatt iskol\u00e1nk f\u0151\u00e9p\u00fclet\u00e9ben.<br>J\u00e1szber\u00e9ny, Pusztamonostor, J\u00e1sz\u00e1g\u00f3, J\u00e1szf\u00e9nyszaru, J\u00e1sz\u00e1roksz\u00e1ll\u00e1s J\u00e1sztelek, Alatty\u00e1n telep\u00fcl\u00e9sek tanul\u00f3i sz\u00e1m\u00e1ra<br>12.00 indul az iskolabusz a Ny\u00edlt Nap helysz\u00edn\u00e9re, a Monostori \u00fat 4.sz\u00e1m al\u00e1.<br>13.45 indul\u00e1s vissza az iskola f\u0151\u00e9p\u00fclet\u00e9hez<\/p>\n\n\n\n<p>Egy\u00e9ni k\u00e9r\u00e9s eset\u00e9n k\u00e9rj\u00fck forduljanak iskol\u00e1nk titk\u00e1rs\u00e1g\u00e1hoz: tel. 57\/ 505-440<br>A Ny\u00edlt Nap helysz\u00edn\u00e9re (Monostori \u00fat 4.sz\u00e1m al\u00e1) \u00f6n\u00e1ll\u00f3an is lehet \u00e9rkezni.<\/p>\n","protected":false},"excerpt":{"rendered":"<p>\ufeffSzeretettel v\u00e1rjuk iskol\u00e1juk 7. \u00e9s 8. oszt\u00e1lyos tanul\u00f3it, k\u00eds\u00e9r\u0151 pedag\u00f3gusokat \u00e9s sz\u00fcl\u0151ket iskolai ny\u00edlt napunkra! Ny\u00edlt nap a terpl\u00e1nban 2025.november 12-\u00e9n, szerd\u00e1n! 9.30 &#8211; 10.00 gy\u00fclekez\u0151 \u00e9s regisztr\u00e1ci\u00f3:Szabads\u00e1g t\u00e9r 1. alatt iskol\u00e1nk f\u0151\u00e9p\u00fclet\u00e9ben.J\u00e1szj\u00e1k\u00f3halma, J\u00e1szd\u00f3zsa, J\u00e1szap\u00e1ti, J\u00e1szkis\u00e9r, J\u00e1szszentandr\u00e1s, Heves, J\u00e1szlad\u00e1ny, J\u00e1szals\u00f3szentgy\u00f6rgy, J\u00e1noshida, Sz\u00e1szberek, \u00dajsz\u00e1sz telep\u00fcl\u00e9sek tanul\u00f3i sz\u00e1m\u00e1ra10.00 indul az iskolabusz a Ny\u00edlt Nap helysz\u00edn\u00e9re,a Monostori \u00fat&hellip;<\/p>\n","protected":false},"author":1,"featured_media":294,"parent":0,"menu_order":0,"comment_status":"closed","ping_status":"closed","template":"","meta":[],"_links":{"self":[{"href":"https:\/\/terplanszki.hu\/index.php?rest_route=\/wp\/v2\/pages\/645"}],"collection":[{"href":"https:\/\/terplanszki.hu\/index.php?rest_route=\/wp\/v2\/pages"}],"about":[{"href":"https:\/\/terplanszki.hu\/index.php?rest_route=\/wp\/v2\/types\/page"}],"author":[{"embeddable":true,"href":"https:\/\/terplanszki.hu\/index.php?rest_route=\/wp\/v2\/users\/1"}],"replies":[{"embeddable":true,"href":"https:\/\/terplanszki.hu\/index.php?rest_route=%2Fwp%2Fv2%2Fcomments&post=645"}],"version-history":[{"count":2,"href":"https:\/\/terplanszki.hu\/index.php?rest_route=\/wp\/v2\/pages\/645\/revisions"}],"predecessor-version":[{"id":782,"href":"https:\/\/terplanszki.hu\/index.php?rest_route=\/wp\/v2\/pages\/645\/revisions\/782"}],"wp:featuredmedia":[{"embeddable":true,"href":"https:\/\/terplanszki.hu\/index.php?rest_route=\/wp\/v2\/media\/294"}],"wp:attachment":[{"href":"https:\/\/terplanszki.hu\/index.php?rest_route=%2Fwp%2Fv2%2Fmedia&parent=645"}],"curies":[{"name":"wp","href":"https:\/\/api.w.org\/{rel}","templated":true}]}}