{"id":81,"date":"2020-11-11T16:27:00","date_gmt":"2020-11-11T16:27:00","guid":{"rendered":"http:\/\/wp.terplanszki.hu\/?page_id=81"},"modified":"2025-03-27T10:17:02","modified_gmt":"2025-03-27T09:17:02","slug":"tajekoztato","status":"publish","type":"page","link":"https:\/\/terplanszki.hu\/?page_id=81","title":{"rendered":"Nyelvvizsga t\u00e1j\u00e9koztat\u00f3"},"content":{"rendered":"\n<h2><a rel=\"noreferrer noopener\" href=\"http:\/\/www.bmenyelvvizsga.bme.hu\/hu\/vizsga_elott_fooldal\/vizsga_elott\" target=\"_blank\"><\/a><\/h2>\n\n\n\n<h1>VIZSGASZAB\u00c1LYZAT<\/h1>\n\n\n\n<p>A <strong>2025.04.01<\/strong>-t\u0151l \u00e9rv\u00e9nyes <a href=\"https:\/\/terplanszki.hu\/wp-content\/uploads\/2025\/03\/BME_Vizsgaszabalyzat_2025_04_01.pdf\" target=\"_blank\" rel=\"noreferrer noopener\">szab\u00e1lyzat ide<\/a> kattintva let\u00f6lthet\u0151 pdf form\u00e1tumban.<\/p>\n\n\n\n<p><strong>Jelen szab\u00e1lyzat visszavon\u00e1sig \u00e9rv\u00e9nyes.<\/strong><\/p>\n\n\n\n<p>A&nbsp;<strong>minta feladatsorok<\/strong>&nbsp;a k\u00f6vetkez\u0151 linken \u00e9rhet\u0151k el:<\/p>\n\n\n\n<p><a href=\"http:\/\/www.bmenyelvvizsga.bme.hu\/hu\/letoltheto_feladatok\/vizsga_elott\" target=\"_blank\" rel=\"noreferrer noopener\">http:\/\/www.bmenyelvvizsga.bme.hu\/hu\/letoltheto_feladatok\/vizsga_elott<\/a><\/p>\n\n\n\n<p>A BME&nbsp;<strong>vizsgat\u00e1j\u00e9koztat\u00f3k<\/strong>&nbsp;az al\u00e1bbi linken \u00e9rhet\u0151k el:<br><a href=\"http:\/\/www.bmenyelvvizsga.bme.hu\/hu\/vizsga_elott_fooldal\/vizsga_elott\" target=\"_blank\" rel=\"noreferrer noopener\">http:\/\/www.bmenyelvvizsga.bme.hu\/hu\/vizsga_elott_fooldal\/vizsga_elott<\/a><br><\/p>\n\n\n\n<h1>A jelentkez\u00e9s<\/h1>\n\n\n\n<ul><li>Jelentkez\u00e9s&nbsp;<strong>online<\/strong>&nbsp;t\u00f6rt\u00e9nik<\/li><li>\u00c1F\u00c1-s sz\u00e1mla ig\u00e9nyl\u00e9se eset\u00e9n k\u00fcl\u00f6n lapra 1 db f\u00e9nym\u00e1solatot k\u00e9r\u00fcnk a befizet\u00e9r\u0151l sz\u00f3l\u00f3 bizonylatr\u00f3l mell\u00e9kelni.<\/li><li>A vizsga pontos hely\u00e9r\u0151l \u00e9s idej\u00e9r\u0151l&nbsp;<strong>kiz\u00e1r\u00f3lag<\/strong>&nbsp;<strong>emailben<\/strong>&nbsp;\u00e9rtes\u00edtj\u00fck a vizsg\u00e1z\u00f3kat.<\/li><li>A vizsga megrendez\u00e9se l\u00e9tsz\u00e1mhoz k\u00f6t\u00f6tt. (minimum 8 f\u0151)<\/li><\/ul>\n\n\n\n<h1>A vizsg\u00e1z\u00f3 jogai<\/h1>\n\n\n\n<ul><li>Vizsg\u00e1t lemondani a vizsga id\u0151pontja el\u0151tt legk\u00e9s\u0151bb 6 napt\u00e1ri napon t\u00fal, halasztani a vizsga id\u0151pontja el\u0151tt legk\u00e9s\u0151bb 6 napt\u00e1ri napon t\u00fal lehet &#8211; csak szem\u00e9lyesen, a halaszt\u00e1si vagy lemond\u00e1si \u0171rlap kit\u00f6lt\u00e9s\u00e9vel &#8211; a jelentkez\u00e9s elfogad\u00e1s\u00e1t igazol\u00f3 lap bemutat\u00e1s\u00e1val.<\/li><li>Lemond\u00e1s eset\u00e9n az elj\u00e1r\u00e1si d\u00edjjal cs\u00f6kentett vizsgad\u00edj \u00f6sszeg\u00e9t t\u00e9r\u00edtj\u00fck vissza. A visszat\u00e9r\u00edt\u00e9s \u00e1tutal\u00e1ssal t\u00f6rt\u00e9nik. Nem tarthat ig\u00e9nyt visszat\u00e9r\u00edt\u00e9sre a jelentkez\u0151 akkor, ha a vizsg\u00e1t nem mondta le \u00e9s a vizsg\u00e1n nem jelent meg.<\/li><li>Halasztani csak r\u00e9szvizsg\u00e1t (A vagy B), illetve teljes (C) vizsg\u00e1t lehet a k\u00f6vetkez\u0151 vizsgaid\u0151szakra. A halasztott vizsg\u00e1t lemondani vagy tov\u00e1bbi halaszt\u00e1ssal \u00e9lni nem lehet, az a teljes vizsgad\u00edj elveszt\u00e9s\u00e9t vonja maga ut\u00e1n. &#8211; Halasztott vizsga eset\u00e9n a vizsg\u00e1z\u00f3nak a k\u00f6vetkez\u0151 jelentkez\u00e9si id\u0151szakban \u00fajra kell jelentkeznie, \u00e9s k\u00fcl\u00f6nelj\u00e1r\u00e1si d\u00edjat kell fizetnie a jelentkez\u00e9skor. Ennek elmulaszt\u00e1sa eset\u00e9n a vizsg\u00e1ra nem tudjuk beosztani, kor\u00e1bban befizetett vizsgad\u00edj\u00e1t elvesz\u00edti.<\/li><li>Fellebbezni csak jogszab\u00e1lys\u00e9rt\u00e9s vagy sz\u00e1mszaki hiba eset\u00e9n, az eredm\u00e9ny k\u00f6zz\u00e9t\u00e9tel\u00e9t\u0151l sz\u00e1m\u00edtott 15 napon bel\u00fcl lehet. Minden m\u00e1s esetben fel\u00fclvizsg\u00e1lati k\u00e9relmet ny\u00fajthat be a vizsg\u00e1z\u00f3, kit\u00f6lt\u00f6tt formanyomtatv\u00e1nyon a k\u00fcl\u00f6nelj\u00e1r\u00e1si d\u00edj befizet\u00e9s\u00e9vel a Nyelvvizsgak\u00f6zpont Koordin\u00e1ci\u00f3s irod\u00e1j\u00e1ban az eredm\u00e9ny k\u00f6zz\u00e9t\u00e9tel\u00e9t\u0151l sz\u00e1m\u00edtott 15 napon bel\u00fcl.<\/li><li>A dolgozatokat \u00edr\u00e1sos k\u00e9rv\u00e9ny beny\u00fajt\u00e1s\u00e1val szem\u00e9lyesen a vizsg\u00e1z\u00f3 tekintheti meg a kijel\u00f6lt id\u0151pontban.<\/li><li>A dolgozatok eredm\u00e9ny\u00e9r\u0151l a bizony\u00edtv\u00e1ny ki\u00e1ll\u00edt\u00e1s\u00e1ig, k\u00fcl\u00f6n k\u00e9r\u00e9sre, t\u00e9r\u00edt\u00e9s ellen\u00e9ben igazol\u00e1st \u00e1ll\u00edtunk ki a vizsgaid\u0151szak utols\u00f3 vizsg\u00e1j\u00e1nak eredm\u00e9nyhirdet\u00e9s\u00e9t\u0151l a bizony\u00edtv\u00e1nyok kipost\u00e1z\u00e1s\u00e1nak megkezd\u00e9s\u00e9ig. Az igazol\u00e1sok a k\u00e9rv\u00e9ny bead\u00e1sa ut\u00e1n 1 h\u00e9ttel k\u00e9sz\u00fclnek el.<\/li><li>Az aktu\u00e1lis \u00e1rakat \u00e9s id\u0151pontokat honlapunkon, illetve a hirdet\u0151t\u00e1bl\u00e1nkon tekintheti meg.<\/li><\/ul>\n\n\n\n<h1>Eredm\u00e9nyek &#8211; Bizony\u00edtv\u00e1ny<\/h1>\n\n\n\n<ul><li>Az \u00edr\u00e1sbeli \u00e9s sz\u00f3beli vizsg\u00e1k eredm\u00e9nyeit a megadott napon 17 \u00f3ra ut\u00e1n tekinthet\u0151k meg az egy\u00e9ni k\u00f3d alapj\u00e1n a Vizsgak\u00f6zpont hirdet\u0151t\u00e1bl\u00e1j\u00e1n (J\u00e1szber\u00e9ny, Szabads\u00e1g t\u00e9r 1.).<\/li><li>Az eredm\u00e9nyekr\u0151l telefonon nem \u00e1ll m\u00f3dunkban felvil\u00e1gos\u00edt\u00e1st adni.<\/li><\/ul>\n\n\n\n<p>Eredm\u00e9nyed az&nbsp;<strong>online fi\u00f3kodban<\/strong>&nbsp;megtekintheted vagy a honlapon az eredm\u00e9nyk\u00f6zl\u0151 oldalon&nbsp;tal\u00e1lod. A vizsgaeredm\u00e9nyekr\u0151l&nbsp;k\u00fcl\u00f6n \u00e9rtes\u00edt\u00e9st nem k\u00fcld\u00fcnk \u00e9s&nbsp;\u2013 a szem\u00e9lyis\u00e9gi jogaid v\u00e9delme \u00e9rdek\u00e9ben \u2013 telefonon nem adunk felvil\u00e1gos\u00edt\u00e1st.&nbsp;<br><br>A vizsg\u00e1d akkor sikeres, ha a r\u00e9szvizsg\u00e1nk\u00e9nt az el\u00e9rhet\u0151 \u00f6sszpontsz\u00e1m&nbsp;<strong>legal\u00e1bb 60%-\u00e1t<\/strong>&nbsp;teljes\u00edted \u00fagy, hogy&nbsp;<strong>mellett valamennyi k\u00e9szs\u00e9gn\u00e9l<\/strong>&nbsp;(sz\u00f3belin\u00e9l besz\u00e9dk\u00e9szs\u00e9g \u00e9s hall\u00e1s ut\u00e1ni \u00e9rt\u00e9s, \u00edr\u00e1sbelin\u00e9l \u00edr\u00e1sk\u00e9szs\u00e9g, olvasott sz\u00f6veg \u00e9rt\u00e9se \u00e9s k\u00e9tnyelv\u0171 vizsga eset\u00e9n a k\u00f6zvet\u00edt\u00e9s) a maxim\u00e1lis pontsz\u00e1m&nbsp;<strong>legal\u00e1bb 40%-\u00e1t is el\u00e9red<\/strong>.<\/p>\n\n\n\n<p>Az eredm\u00e9nyedn\u00e9l r\u00e9szletesen felt\u00fcntetj\u00fck a&nbsp;<strong>pontsz\u00e1maidat<\/strong>,&nbsp;<strong>az \u00e9rt\u00e9kel\u00e9st<\/strong>&nbsp;(\u201emegfelelt\u201d (sikeres), ill. \u201enem felelt meg\u201d (sikertelen)), \u00e9s azt, hogy a vizsg\u00e1n el\u00e9rt eredm\u00e9nyed alapj\u00e1n milyen&nbsp;<strong>bizony\u00edtv\u00e1nyt<\/strong>&nbsp;kapsz.<\/p>\n\n\n\n<p><br>Eredm\u00e9nyeidet mindig csak a k\u00f6vetkez\u0151 vizsgaid\u0151szakig n\u00e9zheted meg, ezt k\u00f6vet\u0151en csak a vizsgak\u00f6zpont vagy a vizsgahely \u00fcgyf\u00e9lszolg\u00e1lat\u00e1n \u00e9rdekl\u0151dhetsz.<br>A vizsg\u00e1d eredm\u00e9ny\u00e9r\u0151l a bizony\u00edtv\u00e1ny ki\u00e1ll\u00edt\u00e1s\u00e1ig t\u00e9r\u00edt\u00e9s ellen\u00e9ben igazol\u00e1st k\u00e9rhetsz.<\/p>\n\n\n\n<p><strong>Eredm\u00e9nyk\u00f6zl\u00e9s az adott napon legk\u00e9s\u0151bb 17 \u00f3r\u00e1t\u00f3l!<\/strong><\/p>\n\n\n\n<p><strong>BME sz\u00e1ml\u00e1z\u00e1s:<\/strong> bmenyelvvizsga.szamlazas@gtk.bme.hu<\/p>\n\n\n\n<p><strong>BME \u00fcgyf\u00e9lszog\u00e1lat:<\/strong> bmenyelvvizsga@gtk.bme.hu<\/p>\n\n\n\n<p><strong>Terpl\u00e1n Szki \u00fcgyint\u00e9z\u0151k el\u00e9rhet\u0151s\u00e9gei:<\/strong><\/p>\n\n\n\n<p>Telefon.: +36 57  505440<\/p>\n\n\n\n<p>e-mail: terplan@terplanszki.hu<\/p>\n\n\n\n<p><strong>\u00dcgyf\u00e9lfogad\u00e1s ideje:<\/strong><\/p>\n\n\n\n<figure class=\"wp-block-table\"><table><tbody><tr><td>h\u00e9tf\u0151<\/td><td>08:00-15:30<\/td><\/tr><tr><td>kedd<\/td><td>08:00-15:30<\/td><\/tr><tr><td>szerda<\/td><td>08:00-15:30<\/td><\/tr><tr><td>cs\u00fct\u00f6rt\u00f6k<\/td><td>08:00-15:30<\/td><\/tr><tr><td>p\u00e9ntek<\/td><td>08:00-15:30<\/td><\/tr><\/tbody><\/table><\/figure>\n","protected":false},"excerpt":{"rendered":"<p>VIZSGASZAB\u00c1LYZAT A 2025.04.01-t\u0151l \u00e9rv\u00e9nyes szab\u00e1lyzat ide kattintva let\u00f6lthet\u0151 pdf form\u00e1tumban. Jelen szab\u00e1lyzat visszavon\u00e1sig \u00e9rv\u00e9nyes. A&nbsp;minta feladatsorok&nbsp;a k\u00f6vetkez\u0151 linken \u00e9rhet\u0151k el: http:\/\/www.bmenyelvvizsga.bme.hu\/hu\/letoltheto_feladatok\/vizsga_elott A BME&nbsp;vizsgat\u00e1j\u00e9koztat\u00f3k&nbsp;az al\u00e1bbi linken \u00e9rhet\u0151k el:http:\/\/www.bmenyelvvizsga.bme.hu\/hu\/vizsga_elott_fooldal\/vizsga_elott A jelentkez\u00e9s Jelentkez\u00e9s&nbsp;online&nbsp;t\u00f6rt\u00e9nik \u00c1F\u00c1-s sz\u00e1mla ig\u00e9nyl\u00e9se eset\u00e9n k\u00fcl\u00f6n lapra 1 db f\u00e9nym\u00e1solatot k\u00e9r\u00fcnk a befizet\u00e9r\u0151l sz\u00f3l\u00f3 bizonylatr\u00f3l mell\u00e9kelni. A vizsga pontos hely\u00e9r\u0151l \u00e9s idej\u00e9r\u0151l&nbsp;kiz\u00e1r\u00f3lag&nbsp;emailben&nbsp;\u00e9rtes\u00edtj\u00fck a vizsg\u00e1z\u00f3kat. A vizsga&hellip;<\/p>\n","protected":false},"author":2,"featured_media":0,"parent":0,"menu_order":0,"comment_status":"closed","ping_status":"closed","template":"","meta":[],"_links":{"self":[{"href":"https:\/\/terplanszki.hu\/index.php?rest_route=\/wp\/v2\/pages\/81"}],"collection":[{"href":"https:\/\/terplanszki.hu\/index.php?rest_route=\/wp\/v2\/pages"}],"about":[{"href":"https:\/\/terplanszki.hu\/index.php?rest_route=\/wp\/v2\/types\/page"}],"author":[{"embeddable":true,"href":"https:\/\/terplanszki.hu\/index.php?rest_route=\/wp\/v2\/users\/2"}],"replies":[{"embeddable":true,"href":"https:\/\/terplanszki.hu\/index.php?rest_route=%2Fwp%2Fv2%2Fcomments&post=81"}],"version-history":[{"count":21,"href":"https:\/\/terplanszki.hu\/index.php?rest_route=\/wp\/v2\/pages\/81\/revisions"}],"predecessor-version":[{"id":757,"href":"https:\/\/terplanszki.hu\/index.php?rest_route=\/wp\/v2\/pages\/81\/revisions\/757"}],"wp:attachment":[{"href":"https:\/\/terplanszki.hu\/index.php?rest_route=%2Fwp%2Fv2%2Fmedia&parent=81"}],"curies":[{"name":"wp","href":"https:\/\/api.w.org\/{rel}","templated":true}]}}